{"id":272,"date":"2018-01-31T17:50:49","date_gmt":"2018-01-31T17:50:49","guid":{"rendered":"https:\/\/mirafloresautorent.com\/?page_id=272"},"modified":"2023-06-28T17:43:49","modified_gmt":"2023-06-28T17:43:49","slug":"homepage","status":"publish","type":"page","link":"https:\/\/mirafloresautorent.com\/es\/","title":{"rendered":"Homepage"},"content":{"rendered":"<p>[vc_row full_width=\u00bbstretch_row\u00bb el_id=\u00bbservices\u00bb][vc_column][vc_custom_heading text=\u00bbNuestros servicios\u00bb text_additional=\u00bbProbablemente el mejor servicio del mundo\u00bb font_container=\u00bbtag:h2|text_align:center\u00bb][om_max_width max_width=\u00bb960&#8243;][vc_column_text]<\/p>\n<h3 style=\"text-align: center;\">LOS MEJORES PRECIOS DE ALQUILER DE COCHES EN COSTA DEL SOL. PERSONALIZADO Y CON SERVICIO\u00a0 24 HORAS<\/h3>\n<h5 style=\"text-align: center;\">Le informamos que nuestros precios son los m\u00e1s econ\u00f3micos de la Costa del Sol. Sin enga\u00f1os en cobros de gasolina ni seguros adicionales.<br \/>\nEl precio que usted ve, es el que paga. Nada m\u00e1s.<\/h5>\n<p>[\/vc_column_text][om_services top_padding=\u00bb250&#8243; bottom_padding=\u00bb100&#8243;][om_services_item title=\u00bbAlquiler de coches \u00abTodo incluido\u00ab\u00bb link=\u00bb|||\u00bb bg_image=\u00bb40&#8243;]Le ofrecemos el precio del alquiler de coches todo incluido en M\u00e1laga, coches nuevos y sin costes ocultos. Ven y pru\u00e9balos, no te decepcionar\u00e1.[\/om_services_item][om_services_item title=\u00bbPlanes de combustible\u00bb link=\u00bb|||\u00bb bg_image=\u00bb39&#8243;]Usted est\u00e1 negociando directamente con una empresa de alquiler de autom\u00f3viles sin cargo por combustible por adelantado.<br \/>\nNo cobramos por adelantado por el combustible e incluimos el seguro completo sin Franquicia[\/om_services_item][om_services_item title=\u00bbRecogida y entrega\u00bb bg_image=\u00bb38&#8243;]Justo cuando cre\u00edas que el excelente servicio que recib\u00edas de nosotros no pod\u00eda mejorar. Alquiler de autos en Miraflores ahora ofrece servicio de recogida y entrega al aeropuerto o su apartamento[\/om_services_item][\/om_services][\/om_max_width][vc_empty_space height=\u00bb40px\u00bb][\/vc_column][\/vc_row][vc_row full_width=\u00bbstretch_row\u00bb el_id=\u00bbabout\u00bb css=\u00bb.vc_custom_1516653540252{background-color: #ffffff !important;}\u00bb font_color=\u00bb#ffffff\u00bb][vc_column][vc_empty_space height=\u00bb40px\u00bb][vc_custom_heading text=\u00bbSobre nosotros\u00bb text_additional=\u00bbAmplia gama de veh\u00edculos de lujo, deportivos e h\u00edbridos\u00bb font_container=\u00bbtag:h2|text_align:center|color:%233a3a3a\u00bb][om_about][om_about_item content_block=\u00bbcounter\u00bb title=\u00bbMirafloresautorent\u00bb image=\u00bb50&#8243; img=\u00bb51&#8243; counter_title=\u00bbSatisfechos clientes\u00bb counter_value=\u00bb3500&#8243;]Representa una movilidad emocionante y soluciones a medida. Lideramos con innovaci\u00f3n en el sector del alquiler de veh\u00edculos. Servicio de atenci\u00f3n al cliente de alta calidad y alquiler sin costo[\/om_about_item][om_about_item content_block=\u00bbimg\u00bb title=\u00bbSobre Miraflores\u00bb image=\u00bb51&#8243; img=\u00bb53&#8243; content_img=\u00bb54&#8243;]Con mas m\u00e1s de 600 veh\u00edculos MIraflores autorent es una de las compa\u00f1\u00edas de alquiler de coches m\u00e1s grandes en la Costa del Sol. [\/om_about_item][om_about_item content_block=\u00bbimg\u00bb title=\u00bbLos mejores precios\u00bb image=\u00bb51&#8243; img=\u00bb89&#8243; content_img=\u00bb57&#8243;]En Miraflores autorent encontrar\u00e1s los mejores precios LOW COST, una gran variedad de modelos y localizaciones para recoger tu coche de alquiler en Costa del sol[\/om_about_item][\/om_about][vc_empty_space height=\u00bb40px\u00bb][\/vc_column][\/vc_row][vc_row full_width=\u00bbstretch_row\u00bb el_id=\u00bbtestimonials\u00bb css=\u00bb.vc_custom_1470247299737{background-color: #f7f7f7 !important;}\u00bb][vc_column][vc_empty_space height=\u00bb40px\u00bb][vc_custom_heading text=\u00bb\u00bfQue dicen los clientes sobre nosotros?\u00bb font_container=\u00bbtag:h2|text_align:center\u00bb uppercase=\u00bbyes\u00bb][om_testimonials][om_testimonials_item author=\u00bbJuan Gomez Molina, Bilbao\u00bb]Esta fue la primera vez que alquilamos con Mirafloresautorent y quedamos muy satisfechos con la experiencia. Su precio fue m\u00e1s bajo que otras compa\u00f1\u00edas. Nuestra experiencia de alquiler fue buena de principio a fin, as\u00ed que volveremos en el futuro[\/om_testimonials_item][om_testimonials_item author=\u00bbEmilio Allison, NY\u00bb]Me encanta el servicio de Miraflores autorent, el veh\u00edculo era en el nivel de limpieza que esperar\u00eda y estoy acostumbrado.[\/om_testimonials_item][om_testimonials_item author=\u00bbKristi Rivera, Paris\u00bb]Professional staff who know what to do. After a long day traveling, dealing with people who are friendly, polite and efficient makes all the difference.[\/om_testimonials_item][\/om_testimonials][vc_empty_space height=\u00bb40px\u00bb][\/vc_column][\/vc_row][vc_row][vc_column][vc_column_text]<\/p>\n<p>[\/vc_column_text][\/vc_column][\/vc_row][vc_row full_width=\u00bbstretch_row\u00bb el_id=\u00bblocations\u00bb css=\u00bb.vc_custom_1687974226031{padding-top: 15px !important;padding-right: 15px !important;padding-bottom: 15px !important;padding-left: 15px !important;background-color: #ffffff !important;}\u00bb][vc_column][vc_custom_heading text=\u00bbPUNTOS DE RECOGIDA\/DEVOLUCI\u00d3N MIRAFLORES RENT A CAR\u00bb font_container=\u00bbtag:h2|text_align:center|color:%2300007f\u00bb css=\u00bb.vc_custom_1687974204760{padding-top: 15px !important;padding-right: 15px !important;padding-bottom: 15px !important;padding-left: 15px !important;background-color: #00007f !important;}\u00bb][vc_row_inner][vc_column_inner width=\u00bb1\/3&#8243; css=\u00bb.vc_custom_1687970795586{padding-top: 15px !important;padding-right: 15px !important;padding-bottom: 15px !important;padding-left: 15px !important;background-color: #ffffff !important;}\u00bb][vc_column_text css=\u00bb.vc_custom_1687973796164{margin-top: 0px !important;margin-right: 0px !important;margin-bottom: 20px !important;margin-left: 0px !important;}\u00bb]<\/p>\n<h4 style=\"text-align: center;\"><strong><span style=\"color: #00007f;\">AEROPUERTO DE M\u00c1LAGA<br \/>\n(M\u00c1LAGA)<\/span><\/strong><\/h4>\n<p>[\/vc_column_text][vc_gmaps link=\u00bb#E-8_JTNDaWZyYW1lJTIwc3JjJTNEJTIyaHR0cHMlM0ElMkYlMkZ3d3cuZ29vZ2xlLmNvbSUyRm1hcHMlMkZlbWJlZCUzRnBiJTNEJTIxMW0xNCUyMTFtOCUyMTFtMyUyMTFkMTgyNTIxLjUzNjU5NjAwOCUyMTJkLTQuODA2MDQ5NTczNDc4Njg0JTIxM2QzNi42NDY5NTc1MDY1NDczOTUlMjEzbTIlMjExaTEwMjQlMjEyaTc2OCUyMTRmMTMuMSUyMTNtMyUyMTFtMiUyMTFzMHhkNzJmYTE4NzZiYTMwYTUlMjUzQTB4NTdiNWFkMmY0N2RlM2U5YSUyMTJzQWVyb3B1ZXJ0byUyNTIwZGUlMjUyME0lMjVDMyUyNUExbGFnYS1Db3N0YSUyNTIwZGVsJTI1MjBTb2wlMjE1ZTAlMjEzbTIlMjExc2VzJTIxMnNlcyUyMTR2MTY4Nzk2OTAzODMzNSUyMTVtMiUyMTFzZXMlMjEyc2VzJTIyJTIwd2lkdGglM0QlMjIxMDAlMjUlMjIlMjBoZWlnaHQlM0QlMjI0MDAlMjIlMjBzdHlsZSUzRCUyMmJvcmRlciUzQTAlM0IlMjIlMjBhbGxvd2Z1bGxzY3JlZW4lM0QlMjIlMjIlMjBsb2FkaW5nJTNEJTIybGF6eSUyMiUyMHJlZmVycmVycG9saWN5JTNEJTIybm8tcmVmZXJyZXItd2hlbi1kb3duZ3JhZGUlMjIlM0UlM0MlMkZpZnJhbWUlM0U=\u00bb size=\u00bb300&#8243;][\/vc_column_inner][vc_column_inner width=\u00bb1\/3&#8243; css=\u00bb.vc_custom_1687970840809{padding-top: 15px !important;padding-right: 15px !important;padding-bottom: 15px !important;padding-left: 15px !important;background-color: #ffffff !important;}\u00bb][vc_column_text css=\u00bb.vc_custom_1687973806033{margin-top: 0px !important;margin-right: 0px !important;margin-bottom: 20px !important;margin-left: 0px !important;}\u00bb]<\/p>\n<h4 style=\"text-align: center;\"><strong><span style=\"color: #00007f;\">OFICINA ELVIRIA<br \/>\n(ELVIRIA, MARBELLA)<\/span><\/strong><\/h4>\n<p>[\/vc_column_text][vc_gmaps link=\u00bb#E-8_JTNDaWZyYW1lJTIwc3JjJTNEJTIyaHR0cHMlM0ElMkYlMkZ3d3cuZ29vZ2xlLmNvbSUyRm1hcHMlMkZlbWJlZCUzRnBiJTNEJTIxMW0xNyUyMTFtMTIlMjExbTMlMjExZDI5MDA4Ny40OTYxODM1MDk0JTIxMmQtNC45MDI5OTYwMTI5ODY4MjYlMjEzZDM2LjU1NDc4NTU3OTQyOTUxJTIxMm0zJTIxMWYwJTIxMmYwJTIxM2YwJTIxM20yJTIxMWkxMDI0JTIxMmk3NjglMjE0ZjEzLjElMjEzbTIlMjExbTElMjEyek16YkNzREk1SnpRMUxqSWlUaUEwd3JBME5pY3pNaTQ1SWxjJTIxNWUwJTIxM20yJTIxMXNlcyUyMTJzZXMlMjE0djE2ODc5NzEyNTgzNTElMjE1bTIlMjExc2VzJTIxMnNlcyUyMiUyMHdpZHRoJTNEJTIyMTAwJTI1JTIyJTIwaGVpZ2h0JTNEJTIyMzAwJTIyJTIwc3R5bGUlM0QlMjJib3JkZXIlM0EwJTNCJTIyJTIwYWxsb3dmdWxsc2NyZWVuJTNEJTIyJTIyJTIwbG9hZGluZyUzRCUyMmxhenklMjIlMjByZWZlcnJlcnBvbGljeSUzRCUyMm5vLXJlZmVycmVyLXdoZW4tZG93bmdyYWRlJTIyJTNFJTNDJTJGaWZyYW1lJTNF\u00bb size=\u00bb300&#8243;][\/vc_column_inner][vc_column_inner width=\u00bb1\/3&#8243; css=\u00bb.vc_custom_1687971423617{padding-top: 15px !important;padding-right: 15px !important;padding-bottom: 15px !important;padding-left: 15px !important;background-color: #ffffff !important;}\u00bb][vc_column_text css=\u00bb.vc_custom_1687970908401{margin-top: 0px !important;margin-right: 0px !important;margin-bottom: 20px !important;margin-left: 0px !important;}\u00bb]<\/p>\n<h4 style=\"text-align: center;\">CLUB MIRAFLORES<br \/>\n(MIJAS COSTA)<\/h4>\n<p>[\/vc_column_text][vc_gmaps link=\u00bb#E-8_JTNDaWZyYW1lJTIwc3JjJTNEJTIyaHR0cHMlM0ElMkYlMkZ3d3cuZ29vZ2xlLmNvbSUyRm1hcHMlMkZlbWJlZCUzRnBiJTNEJTIxMW0xOCUyMTFtMTIlMjExbTMlMjExZDIwNTA2Ny4xMzc3MDA0MzIxOCUyMTJkLTQuODE2NTUzNTkxMzIwNjc3JTIxM2QzNi41NzM5NzEyMzIxNzE2OCUyMTJtMyUyMTFmMCUyMTJmMCUyMTNmMCUyMTNtMiUyMTFpMTAyNCUyMTJpNzY4JTIxNGYxMy4xJTIxM20zJTIxMW0yJTIxMXMweGQ3MzFmYjkxYzY2MmJkOSUyNTNBMHg0M2NlMjQ1MGM2YzBlNWYwJTIxMnNNaXJhZmxvcmVzJTI1MjBBdXRvcmVudCUyMTVlMCUyMTNtMiUyMTFzZXMlMjEyc2VzJTIxNHYxNjg3OTcxMzY1NjgxJTIxNW0yJTIxMXNlcyUyMTJzZXMlMjIlMjB3aWR0aCUzRCUyMjEwMCUyNSUyMiUyMGhlaWdodCUzRCUyMjMwMCUyMiUyMHN0eWxlJTNEJTIyYm9yZGVyJTNBMCUzQiUyMiUyMGFsbG93ZnVsbHNjcmVlbiUzRCUyMiUyMiUyMGxvYWRpbmclM0QlMjJsYXp5JTIyJTIwcmVmZXJyZXJwb2xpY3klM0QlMjJuby1yZWZlcnJlci13aGVuLWRvd25ncmFkZSUyMiUzRSUzQyUyRmlmcmFtZSUzRQ==\u00bb size=\u00bb300&#8243;][\/vc_column_inner][\/vc_row_inner][\/vc_column][\/vc_row][vc_row][vc_column][vc_column_text]<\/p>\n<p>[\/vc_column_text][\/vc_column][\/vc_row][vc_row full_width=\u00bbstretch_row\u00bb el_id=\u00bbcontacts\u00bb][vc_column][vc_empty_space height=\u00bb40px\u00bb][vc_custom_heading text=\u00bbAtenci\u00f3n al cliente\u00bb text_additional=\u00bbSi tienes cualquier pregunta, inquietud o comentario, por favor, cont\u00e1ctanos de inmediato\u00bb font_container=\u00bbtag:h2|text_align:center\u00bb uppercase=\u00bbyes\u00bb][om_persons][om_persons_item img_stand_out=\u00bbyes\u00bb name=\u00bbJuan Vicente\u00bb post=\u00bbGerente\u00bb phone=\u00bb+34 678 566 893&#8243; email=\u00bbautorent@miraflores.com\u00bb img=\u00bb96&#8243; img_offset_x=\u00bb32&#8243; img_offset_y=\u00bb70&#8243;][om_persons_item img_stand_out=\u00bbyes\u00bb name=\u00bbJavier Ochoa\u00bb post=\u00bbSupport Manager\u00bb phone=\u00bb+34 678 566 893&#8243; email=\u00bbrentacar@sivimarbella.com\u00bb img=\u00bb93&#8243; img_offset_x=\u00bb32&#8243; img_offset_y=\u00bb70&#8243;][om_persons_item img_stand_out=\u00bbyes\u00bb name=\u00bbMaria Jose Barrio Alonso\u00bb post=\u00bbSupport Manager\u00bb phone=\u00bb+34 678 566 893&#8243; email=\u00bbmaria@mirafloresautorent.com\u00bb img=\u00bb97&#8243; img_offset_x=\u00bb32&#8243; img_offset_y=\u00bb70&#8243;][\/om_persons][vc_empty_space height=\u00bb20px\u00bb][\/vc_column][\/vc_row]<\/p>\n","protected":false},"excerpt":{"rendered":"<p>[vc_row full_width=\u00bbstretch_row\u00bb el_id=\u00bbservices\u00bb][vc_column][vc_custom_heading text=\u00bbNuestros servicios\u00bb text_additional=\u00bbProbablemente el mejor servicio del mundo\u00bb font_container=\u00bbtag:h2|text_align:center\u00bb][om_max_width max_width=\u00bb960&#8243;][vc_column_text] LOS MEJORES PRECIOS DE ALQUILER DE COCHES EN COSTA DEL SOL. PERSONALIZADO&hellip;<\/p>\n<p><a href=\"https:\/\/mirafloresautorent.com\/es\/\" class=\"read-more-link\">Read more<\/a><\/p>\n","protected":false},"author":6,"featured_media":0,"parent":0,"menu_order":0,"comment_status":"closed","ping_status":"closed","template":"","meta":[],"_links":{"self":[{"href":"https:\/\/mirafloresautorent.com\/es\/wp-json\/wp\/v2\/pages\/272"}],"collection":[{"href":"https:\/\/mirafloresautorent.com\/es\/wp-json\/wp\/v2\/pages"}],"about":[{"href":"https:\/\/mirafloresautorent.com\/es\/wp-json\/wp\/v2\/types\/page"}],"author":[{"embeddable":true,"href":"https:\/\/mirafloresautorent.com\/es\/wp-json\/wp\/v2\/users\/6"}],"replies":[{"embeddable":true,"href":"https:\/\/mirafloresautorent.com\/es\/wp-json\/wp\/v2\/comments?post=272"}],"version-history":[{"count":27,"href":"https:\/\/mirafloresautorent.com\/es\/wp-json\/wp\/v2\/pages\/272\/revisions"}],"predecessor-version":[{"id":623,"href":"https:\/\/mirafloresautorent.com\/es\/wp-json\/wp\/v2\/pages\/272\/revisions\/623"}],"wp:attachment":[{"href":"https:\/\/mirafloresautorent.com\/es\/wp-json\/wp\/v2\/media?parent=272"}],"curies":[{"name":"wp","href":"https:\/\/api.w.org\/{rel}","templated":true}]}}