{"id":407,"date":"2016-08-03T13:14:37","date_gmt":"2016-08-03T13:14:37","guid":{"rendered":"https:\/\/mirafloresautorent.com\/homepage\/"},"modified":"2023-06-28T17:49:13","modified_gmt":"2023-06-28T17:49:13","slug":"homepage","status":"publish","type":"page","link":"https:\/\/mirafloresautorent.com\/fr\/","title":{"rendered":"Homepage"},"content":{"rendered":"<p>[vc_row full_width=\u00a0\u00bbstretch_row\u00a0\u00bb el_id=\u00a0\u00bbservices\u00a0\u00bb][vc_column][vc_custom_heading text=\u00a0\u00bbNOS SERVICES\u00a0\u00bb text_additional=\u00a0\u00bbN\u00ba1 DU SERVICE A LA COSTA DEL SOL\u00a0\u00bb font_container=\u00a0\u00bbtag:h2|text_align:center\u00a0\u00bb][om_max_width max_width=\u00a0\u00bb960&Prime;][vc_column_text]<\/p>\n<h3 style=\"text-align: center;\">LE MEILLEUR RENT A CAR AVEC LES MEILLEURS PRIX LOW COST DE LA COSTA DEL SOL EN PLUS N\u00ba1 DANS LE SERVICE PERSONALISER LES 24 HEURES<\/h3>\n<h5 style=\"text-align: center;\">VEUILLEZ NOTER QUE NOS PRIX SONT LES MOINS CHERS DE LA COSTA DEL SOL , NOS PRIX SONT TOUT INCLUS SANS AUCUN EXTRA SUPL\u00c9MENTAIRE , SANS AUCUNE SURPRISES IMPR\u00c9VUES QUI NE SOIT PAS STIPULER SUR VOTRE CONFIRMATION DE R\u00c9SERVATION<\/h5>\n<h5 style=\"text-align: center;\">LE PRIX CONFIRMER EST LE PRIX QUE VOUS PAYEZ A LA LIVRAISON<\/h5>\n<p>[\/vc_column_text][om_services top_padding=\u00a0\u00bb250&Prime; bottom_padding=\u00a0\u00bb100&Prime;][om_services_item title=\u00a0\u00bbRENT A CAR TOUT INCLUS \u00a0\u00bb link=\u00a0\u00bb|||\u00a0\u00bb bg_image=\u00a0\u00bb40&Prime;]Nous vous offrons les meilleurs prix low cost tout inclus , voitures neuves sans suppl\u00e9ments , essayer avec nous vous ne serez pas d\u00e9\u00e7us.[\/om_services_item][om_services_item title=\u00a0\u00bbPOLITIQUE CARBURANT \u00a0\u00bb link=\u00a0\u00bb|||\u00a0\u00bb bg_image=\u00a0\u00bb39&Prime;]Vous traiter en direct avec notre compagnie il n\u2019y a aucun payement extra pour le carburant et nous incluons l\u2019assurance sans franchise. [\/om_services_item][om_services_item title=\u00a0\u00bbPRISE EN CHARGE ET LIVRAISON \u00a0\u00bb bg_image=\u00a0\u00bb38&Prime;]Personne ne pourras vous offrir un meilleur service personaliser comme le n\u00f4tre Miraflores autorent vous livre la voiture directement a l\u2019A\u00e9roport , ou bien dans nos agences a l\u2019Hotel ou a votre appartement.[\/om_services_item][\/om_services][\/om_max_width][vc_empty_space height=\u00a0\u00bb40px\u00a0\u00bb][\/vc_column][\/vc_row][vc_row full_width=\u00a0\u00bbstretch_row\u00a0\u00bb el_id=\u00a0\u00bbabout\u00a0\u00bb css=\u00a0\u00bb.vc_custom_1516653540252{background-color: #ffffff !important;}\u00a0\u00bb font_color=\u00a0\u00bb#ffffff\u00a0\u00bb][vc_column][vc_empty_space height=\u00a0\u00bb40px\u00a0\u00bb][vc_custom_heading text=\u00a0\u00bbEN SAVOIR PLUS SUR NOUS \u00a0\u00bb text_additional=\u00a0\u00bbLARGE GAMME DE VOITURES ECONOMIQUES, FAMILIALES, SPORTIVES ET VOITURES HYBRIDES \u00a0\u00bb font_container=\u00a0\u00bbtag:h2|text_align:center|color:%23494949&Prime;][om_about][om_about_item content_block=\u00a0\u00bbcounter\u00a0\u00bb title=\u00a0\u00bbRENT A CAR \u00a0\u00bb image=\u00a0\u00bb50&Prime; img=\u00a0\u00bb51&Prime; counter_title=\u00a0\u00bbCLIENTS CONTENTS \u00a0\u00bb counter_value=\u00a0\u00bb+3500&Prime;]Nous vous assurons un service emouvant et des solutions a votre mesure . Nous sommes pionniers en innovation dans le secteur location de voitures . Grande exp\u00e9rience en location de voitures avec un service client de haute qualit\u00e9e [\/om_about_item][om_about_item content_block=\u00a0\u00bbimg\u00a0\u00bb title=\u00a0\u00bbSUR NOS VOITURES \u00a0\u00bb image=\u00a0\u00bb51&Prime; img=\u00a0\u00bb53&Prime; content_img=\u00a0\u00bb54&Prime;]Une des compagnies de location de voitures des plus grandes sur la Costa del sol , avec plus de 600 voitures en flotte [\/om_about_item][om_about_item content_block=\u00a0\u00bbimg\u00a0\u00bb title=\u00a0\u00bbLES MEILLEURS PRIX RENT A CAR LOW COST \u00a0\u00bb image=\u00a0\u00bb51&Prime; img=\u00a0\u00bb89&Prime; content_img=\u00a0\u00bb57&Prime;]Nous vous offrons les meilleurs prix LOW COST de la costa del sol TOUT INCLUS, SANS SUPPL\u00c9MENTS NI EXTRAS IMPR\u00c9VUS [\/om_about_item][\/om_about][vc_empty_space height=\u00a0\u00bb40px\u00a0\u00bb][\/vc_column][\/vc_row][vc_row full_width=\u00a0\u00bbstretch_row\u00a0\u00bb el_id=\u00a0\u00bbtestimonials\u00a0\u00bb css=\u00a0\u00bb.vc_custom_1470247299737{background-color: #f7f7f7 !important;}\u00a0\u00bb][vc_column][vc_empty_space height=\u00a0\u00bb40px\u00a0\u00bb][vc_custom_heading text=\u00a0\u00bbQUE DISENT LES CLIENTS SUR NOUS \u00a0\u00bb font_container=\u00a0\u00bbtag:h2|text_align:center\u00a0\u00bb uppercase=\u00a0\u00bbyes\u00a0\u00bb][om_testimonials][om_testimonials_item author=\u00a0\u00bbMME. &amp; MR. BLANCHARD ( PARIS ) FRANCE \u00ab\u00a0]C\u2019EST LA PREMI\u00c8RE FOIX QUE NOUS LOUONS UNE VOITURE AVEC MIRAFLORES AUTORENT \u201c NOUS HABITONS A PARIS \u201c ET NOUS AVONS \u00c9T\u00c9 TR\u00c8S SATISFAITS . LEURS PRIX SONT LES MOINS CHERS COMPAR\u00c9S AU AUTRES COMPAGNIES ET NOTRE EXP\u00c9RIENCE A \u00c9T\u00c9 EXCELLENTE DE LA LIVRAISON JUSQ\u2019AU RETOUR DE LA VOITURE , NOUS CONTINUERONS SANS AUCUN DOUTE AVEC MIRAFLORES AUTORENT DANS LE FUT\u00dbR A RECOMMENDER A TOUS .[\/om_testimonials_item][om_testimonials_item author=\u00a0\u00bbEmilio Allison, NY\u00a0\u00bb]I love the service from Wheelsberry, however the vehicle was not of the standard of cleanliness I would expect and am accustomed to.[\/om_testimonials_item][om_testimonials_item author=\u00a0\u00bbKristi Rivera, Paris\u00a0\u00bb]Professional staff who know what to do. After a long day traveling, dealing with people who are friendly, polite and efficient makes all the difference.[\/om_testimonials_item][\/om_testimonials][vc_empty_space height=\u00a0\u00bb40px\u00a0\u00bb][\/vc_column][\/vc_row]<\/p>\n<p>[vc_row full_width=\u00a0\u00bbstretch_row\u00a0\u00bb el_id=\u00a0\u00bblocations\u00a0\u00bb][vc_column][vc_custom_heading text=\u00a0\u00bbMIRAFLORES CAR RENTAL STATIONS\u00a0\u00bb font_container=\u00a0\u00bbtag:h2|text_align:center|color:%23ffffff\u00a0\u00bb css=\u00a0\u00bb.vc_custom_1687969671280{padding-top: 15px !important;padding-right: 15px !important;padding-bottom: 15px !important;padding-left: 15px !important;background-color: #00007f !important;}\u00a0\u00bb][vc_row_inner][vc_column_inner width=\u00a0\u00bb1\/3&Prime; css=\u00a0\u00bb.vc_custom_1687970795586{padding-top: 15px !important;padding-right: 15px !important;padding-bottom: 15px !important;padding-left: 15px !important;background-color: #ffffff !important;}\u00a0\u00bb][vc_column_text css=\u00a0\u00bb.vc_custom_1687970939125{margin-top: 0px !important;margin-right: 0px !important;margin-bottom: 20px !important;margin-left: 0px !important;}\u00a0\u00bb]<\/p>\n<p>M\u00c1LAGA AIRPORT<br \/>\n(M\u00c1LAGA)<\/p>\n<p>[\/vc_column_text][vc_gmaps link=\u00a0\u00bb#E-8_JTNDaWZyYW1lJTIwc3JjJTNEJTIyaHR0cHMlM0ElMkYlMkZ3d3cuZ29vZ2xlLmNvbSUyRm1hcHMlMkZlbWJlZCUzRnBiJTNEJTIxMW0xNCUyMTFtOCUyMTFtMyUyMTFkMTgyNTIxLjUzNjU5NjAwOCUyMTJkLTQuODA2MDQ5NTczNDc4Njg0JTIxM2QzNi42NDY5NTc1MDY1NDczOTUlMjEzbTIlMjExaTEwMjQlMjEyaTc2OCUyMTRmMTMuMSUyMTNtMyUyMTFtMiUyMTFzMHhkNzJmYTE4NzZiYTMwYTUlMjUzQTB4NTdiNWFkMmY0N2RlM2U5YSUyMTJzQWVyb3B1ZXJ0byUyNTIwZGUlMjUyME0lMjVDMyUyNUExbGFnYS1Db3N0YSUyNTIwZGVsJTI1MjBTb2wlMjE1ZTAlMjEzbTIlMjExc2VzJTIxMnNlcyUyMTR2MTY4Nzk2OTAzODMzNSUyMTVtMiUyMTFzZXMlMjEyc2VzJTIyJTIwd2lkdGglM0QlMjIxMDAlMjUlMjIlMjBoZWlnaHQlM0QlMjI0MDAlMjIlMjBzdHlsZSUzRCUyMmJvcmRlciUzQTAlM0IlMjIlMjBhbGxvd2Z1bGxzY3JlZW4lM0QlMjIlMjIlMjBsb2FkaW5nJTNEJTIybGF6eSUyMiUyMHJlZmVycmVycG9saWN5JTNEJTIybm8tcmVmZXJyZXItd2hlbi1kb3duZ3JhZGUlMjIlM0UlM0MlMkZpZnJhbWUlM0U=\u00a0\u00bb size=\u00a0\u00bb300&Prime;][\/vc_column_inner][vc_column_inner width=\u00a0\u00bb1\/3&Prime; css=\u00a0\u00bb.vc_custom_1687970840809{padding-top: 15px !important;padding-right: 15px !important;padding-bottom: 15px !important;padding-left: 15px !important;background-color: #ffffff !important;}\u00a0\u00bb][vc_column_text css=\u00a0\u00bb.vc_custom_1687970925406{margin-top: 0px !important;margin-right: 0px !important;margin-bottom: 20px !important;margin-left: 0px !important;}\u00a0\u00bb]<\/p>\n<p>ELVIRIA OFFICE<br \/>\n(ELVIRIA, MARBELLA)<\/p>\n<p>[\/vc_column_text][vc_gmaps link=\u00a0\u00bb#E-8_JTNDaWZyYW1lJTIwc3JjJTNEJTIyaHR0cHMlM0ElMkYlMkZ3d3cuZ29vZ2xlLmNvbSUyRm1hcHMlMkZlbWJlZCUzRnBiJTNEJTIxMW0xNyUyMTFtMTIlMjExbTMlMjExZDI5MDA4Ny40OTYxODM1MDk0JTIxMmQtNC45MDI5OTYwMTI5ODY4MjYlMjEzZDM2LjU1NDc4NTU3OTQyOTUxJTIxMm0zJTIxMWYwJTIxMmYwJTIxM2YwJTIxM20yJTIxMWkxMDI0JTIxMmk3NjglMjE0ZjEzLjElMjEzbTIlMjExbTElMjEyek16YkNzREk1SnpRMUxqSWlUaUEwd3JBME5pY3pNaTQ1SWxjJTIxNWUwJTIxM20yJTIxMXNlcyUyMTJzZXMlMjE0djE2ODc5NzEyNTgzNTElMjE1bTIlMjExc2VzJTIxMnNlcyUyMiUyMHdpZHRoJTNEJTIyMTAwJTI1JTIyJTIwaGVpZ2h0JTNEJTIyMzAwJTIyJTIwc3R5bGUlM0QlMjJib3JkZXIlM0EwJTNCJTIyJTIwYWxsb3dmdWxsc2NyZWVuJTNEJTIyJTIyJTIwbG9hZGluZyUzRCUyMmxhenklMjIlMjByZWZlcnJlcnBvbGljeSUzRCUyMm5vLXJlZmVycmVyLXdoZW4tZG93bmdyYWRlJTIyJTNFJTNDJTJGaWZyYW1lJTNF\u00a0\u00bb size=\u00a0\u00bb300&Prime;][\/vc_column_inner][vc_column_inner width=\u00a0\u00bb1\/3&Prime; css=\u00a0\u00bb.vc_custom_1687971423617{padding-top: 15px !important;padding-right: 15px !important;padding-bottom: 15px !important;padding-left: 15px !important;background-color: #ffffff !important;}\u00a0\u00bb][vc_column_text css=\u00a0\u00bb.vc_custom_1687970908401{margin-top: 0px !important;margin-right: 0px !important;margin-bottom: 20px !important;margin-left: 0px !important;}\u00a0\u00bb]<\/p>\n<p>CLUB MIRAFLORES<br \/>\n(MIJAS COSTA)<\/p>\n<p>[\/vc_column_text][vc_gmaps link=\u00a0\u00bb#E-8_JTNDaWZyYW1lJTIwc3JjJTNEJTIyaHR0cHMlM0ElMkYlMkZ3d3cuZ29vZ2xlLmNvbSUyRm1hcHMlMkZlbWJlZCUzRnBiJTNEJTIxMW0xOCUyMTFtMTIlMjExbTMlMjExZDIwNTA2Ny4xMzc3MDA0MzIxOCUyMTJkLTQuODE2NTUzNTkxMzIwNjc3JTIxM2QzNi41NzM5NzEyMzIxNzE2OCUyMTJtMyUyMTFmMCUyMTJmMCUyMTNmMCUyMTNtMiUyMTFpMTAyNCUyMTJpNzY4JTIxNGYxMy4xJTIxM20zJTIxMW0yJTIxMXMweGQ3MzFmYjkxYzY2MmJkOSUyNTNBMHg0M2NlMjQ1MGM2YzBlNWYwJTIxMnNNaXJhZmxvcmVzJTI1MjBBdXRvcmVudCUyMTVlMCUyMTNtMiUyMTFzZXMlMjEyc2VzJTIxNHYxNjg3OTcxMzY1NjgxJTIxNW0yJTIxMXNlcyUyMTJzZXMlMjIlMjB3aWR0aCUzRCUyMjEwMCUyNSUyMiUyMGhlaWdodCUzRCUyMjMwMCUyMiUyMHN0eWxlJTNEJTIyYm9yZGVyJTNBMCUzQiUyMiUyMGFsbG93ZnVsbHNjcmVlbiUzRCUyMiUyMiUyMGxvYWRpbmclM0QlMjJsYXp5JTIyJTIwcmVmZXJyZXJwb2xpY3klM0QlMjJuby1yZWZlcnJlci13aGVuLWRvd25ncmFkZSUyMiUzRSUzQyUyRmlmcmFtZSUzRQ==\u00a0\u00bb size=\u00a0\u00bb300&Prime;][\/vc_column_inner][\/vc_row_inner][\/vc_column][\/vc_row]<\/p>\n<p>[vc_row full_width=\u00a0\u00bbstretch_row\u00a0\u00bb el_id=\u00a0\u00bbcontacts\u00a0\u00bb][vc_column][vc_empty_space height=\u00a0\u00bb40px\u00a0\u00bb][vc_custom_heading text=\u00a0\u00bbCENTRALE CLIENTS\u00a0\u00bb text_additional=\u00a0\u00bbCONTACTER NOUS POUR TOUTES QUESTIONS\u00a0\u00bb font_container=\u00a0\u00bbtag:h2|text_align:center\u00a0\u00bb uppercase=\u00a0\u00bbyes\u00a0\u00bb][om_persons][om_persons_item img_stand_out=\u00a0\u00bbyes\u00a0\u00bb name=\u00a0\u00bbJuan Vicente\u00a0\u00bb post=\u00a0\u00bbDIRECTEUR MANAGER\u00a0\u00bb phone=\u00a0\u00bb&amp; GSM +34 678 566 893&Prime; email=\u00a0\u00bbautorent@miraflores.com\u00a0\u00bb img=\u00a0\u00bb96&Prime; img_offset_x=\u00a0\u00bb32&Prime; img_offset_y=\u00a0\u00bb70&Prime;][om_persons_item img_stand_out=\u00a0\u00bbyes\u00a0\u00bb name=\u00a0\u00bbJavier Ochoa\u00a0\u00bb post=\u00a0\u00bbSupport Manager\u00a0\u00bb phone=\u00a0\u00bb+34 678 566 893&Prime; email=\u00a0\u00bbrentacar@sivimarbella.com \u00a0\u00bb img=\u00a0\u00bb93&Prime; img_offset_x=\u00a0\u00bb32&Prime; img_offset_y=\u00a0\u00bb70&Prime;][om_persons_item img_stand_out=\u00a0\u00bbyes\u00a0\u00bb name=\u00a0\u00bbMaria Jose Barrio Alonso\u00a0\u00bb post=\u00a0\u00bbSupport Manager\u00a0\u00bb phone=\u00a0\u00bb+34 678 566 893&Prime; email=\u00a0\u00bbmaria@mirafloresautorent.com\u00a0\u00bb img=\u00a0\u00bb97&Prime; img_offset_x=\u00a0\u00bb32&Prime; img_offset_y=\u00a0\u00bb70&Prime;][\/om_persons][vc_empty_space height=\u00a0\u00bb20px\u00a0\u00bb][\/vc_column][\/vc_row]<\/p>\n","protected":false},"excerpt":{"rendered":"<p>[vc_row full_width=\u00a0\u00bbstretch_row\u00a0\u00bb el_id=\u00a0\u00bbservices\u00a0\u00bb][vc_column][vc_custom_heading text=\u00a0\u00bbNOS SERVICES\u00a0\u00bb text_additional=\u00a0\u00bbN\u00ba1 DU SERVICE A LA COSTA DEL SOL\u00a0\u00bb font_container=\u00a0\u00bbtag:h2|text_align:center\u00a0\u00bb][om_max_width max_width=\u00a0\u00bb960&Prime;][vc_column_text] LE MEILLEUR RENT A CAR AVEC LES MEILLEURS PRIX LOW&hellip;<\/p>\n<p><a href=\"https:\/\/mirafloresautorent.com\/fr\/\" class=\"read-more-link\">Read more<\/a><\/p>\n","protected":false},"author":6,"featured_media":0,"parent":0,"menu_order":0,"comment_status":"closed","ping_status":"closed","template":"","meta":[],"_links":{"self":[{"href":"https:\/\/mirafloresautorent.com\/fr\/wp-json\/wp\/v2\/pages\/407"}],"collection":[{"href":"https:\/\/mirafloresautorent.com\/fr\/wp-json\/wp\/v2\/pages"}],"about":[{"href":"https:\/\/mirafloresautorent.com\/fr\/wp-json\/wp\/v2\/types\/page"}],"author":[{"embeddable":true,"href":"https:\/\/mirafloresautorent.com\/fr\/wp-json\/wp\/v2\/users\/6"}],"replies":[{"embeddable":true,"href":"https:\/\/mirafloresautorent.com\/fr\/wp-json\/wp\/v2\/comments?post=407"}],"version-history":[{"count":8,"href":"https:\/\/mirafloresautorent.com\/fr\/wp-json\/wp\/v2\/pages\/407\/revisions"}],"predecessor-version":[{"id":631,"href":"https:\/\/mirafloresautorent.com\/fr\/wp-json\/wp\/v2\/pages\/407\/revisions\/631"}],"wp:attachment":[{"href":"https:\/\/mirafloresautorent.com\/fr\/wp-json\/wp\/v2\/media?parent=407"}],"curies":[{"name":"wp","href":"https:\/\/api.w.org\/{rel}","templated":true}]}}